{"id":81,"date":"2012-10-02T09:57:24","date_gmt":"2012-10-02T07:57:24","guid":{"rendered":"http:\/\/www.anniundphil.de\/heiraten\/?page_id=81"},"modified":"2013-04-05T14:29:12","modified_gmt":"2013-04-05T12:29:12","slug":"hilfe-von-profis","status":"publish","type":"page","link":"https:\/\/anniundphil.de\/heiraten\/hilfe-von-profis\/","title":{"rendered":"Hilfe von Profis"},"content":{"rendered":"<p>Alles selber machen konnten und wollten wir nicht. Daher ist es gut, wenn man Profis findet, auf die Verlass ist. Wir hatten mit ausnahmslos allen engagierten Leuten gro\u00dfes Gl\u00fcck und wollen sie daher weiter empfehlen.<\/p>\n<h3>Sch\u00f6n sein<\/h3>\n<ul>\n<li>Ausschlafen im <a href=\"http:\/\/www.literaturhotel-berlin.de\/\" target=\"_blank\">Literaturhotel Friedenau<\/a><\/li>\n<li>Probeschminken lassen und Kosmetikeinkauf bei Wiebke, Bobbi Brown im KaDeWe<\/li>\n<li>Pflege nicht nur f\u00fcr die Seele aus Berlin von <a href=\"http:\/\/www.iumn.de\/\" target=\"_blank\">i+m Naturkosmetik<\/a><\/li>\n<li>Make-Up und Frisur von der lieben Sophia von <a href=\"http:\/\/www.katrin-haeseler.de\/\" target=\"_blank\">Katrin Haeselers Hair &amp; Beauty Lounge Berlin<\/a><\/li>\n<li>Brautstrau\u00df, Br\u00e4utigam-, Trauzeugenanstecker und andere Pflanzen vom Blumenhandel Floral Art am Walther-Schreiber-Platz<\/li>\n<li>Anzug (von <em>Wilforst<\/em>) und Kleid (von <em>Annais Bridal<\/em>) vom <a title=\"Hochzeitshaus Berlin\" href=\"http:\/\/www.hochzeitshaus-berlin.de\/\" target=\"_blank\">Hochzeitshaus Berlin<\/a><\/li>\n<li>Bling-Bling am Finger selbst entworfen in der <a href=\"http:\/\/www.trauringschmiede.net\/\" target=\"_blank\">Trauringschmiede<\/a><\/li>\n<li>M\u00e4rchenhafter Schmuck f\u00fcr Ehemann und Ehefrau von <a href=\"http:\/\/de.dawanda.com\/shop\/karamboola\" target=\"_blank\">Karamboola<\/a><\/li>\n<li>Kunst am Nagel von LCN Berlin-Schlossstra\u00dfe<\/li>\n<li>Pers\u00f6nlichster Service vom Feinsten und nicht nur in Sachen Brautkleidreinigung eine super Empfehlung: <a href=\"http:\/\/www.ladivina-brautservice.de\/\" target=\"_blank\">La Divina Brautservice<\/a><\/li>\n<\/ul>\n<h3>Fotografie<\/h3>\n<ul>\n<li><a href=\"http:\/\/www.markusschwarze.com\/\" target=\"_blank\">Markus Schwarze<\/a><\/li>\n<li>hier haben wir mehr zu ihm geschrieben: <a title=\"Unser Fotograf: Markus Schwarze\" href=\"http:\/\/www.anniundphil.de\/heiraten\/unser-fotograf-markus-schwarze\/\">Link zum Artikel<\/a><\/li>\n<\/ul>\n<h3>Amtshandlung<\/h3>\n<ul>\n<li>Trauung im sch\u00f6nen und freundlichen <a href=\"http:\/\/www.berlin.de\/ba-tempelhof-schoeneberg\/organisationseinheit\/buerger\/standesamt\/index.html\" target=\"_blank\">Standesamt Tempelhof-Sch\u00f6neberg<\/a><\/li>\n<li>Vegetarische und vegane Snacks am Standesamt von <a href=\"http:\/\/www.johann-mayer.de\/\" target=\"_blank\">B\u00e4ckerei Johann Mayer<\/a><\/li>\n<li>Hintransport der Eheleute und Trauzeugen mit dem Unfallforschungsfahrzeug der Firma <a href=\"http:\/\/human-factors-consult.de\/\" target=\"_blank\">HFC<\/a><\/li>\n<li>Abtransport der Eheleute mit <a href=\"http:\/\/www.thomas-tekath.de\/ueber_mich.html\" target=\"_blank\">Rikschafahrer Thomas Tekath<\/a><\/li>\n<\/ul>\n<h3>Feste feiern<\/h3>\n<ul>\n<li>Die f\u00fcr uns perfekte Location: <a href=\"http:\/\/paresued.de\/index.php\/cafe.html\" target=\"_blank\">Caf\u00e9 Pares\u00fcd<\/a> mit Inhaber und Caterer Dietrich Preu\u00df und Team (k\u00f6nnen wir auch zum Brunchen sehr empfehlen!)<\/li>\n<li>Ballons und Helium von <a href=\"http:\/\/www.happy-balloon-berlin.de\/\" target=\"_blank\">Happy Baloon Berlin<\/a><\/li>\n<li>Der einzig wahre &#8222;Musikabspieler&#8220; Christian Koch<\/li>\n<li>Zubeh\u00f6r f\u00fcr Dekoherstellung stammt zum Teil von Annis Lieblings-Kurzwaren-Dealer: Kilians Kn\u00fcllerkiste<\/li>\n<li>DruckerInnen mit viel Geduld und Know-How auch bei ausgefallenen Ideen beim <a href=\"http:\/\/www.kopierservice-steglitz.de\/startseite.html\" target=\"_blank\">Kopierservice Steglitz<\/a><\/li>\n<\/ul>\n","protected":false},"excerpt":{"rendered":"<p>Alles selber machen konnten und wollten wir nicht. Daher ist es gut, wenn man Profis findet, auf die Verlass ist. Wir hatten mit ausnahmslos allen engagierten Leuten gro\u00dfes Gl\u00fcck und wollen sie daher weiter empfehlen. Sch\u00f6n sein Ausschlafen im Literaturhotel &hellip; <a href=\"https:\/\/anniundphil.de\/heiraten\/hilfe-von-profis\/\">Weiterlesen<\/a><\/p>\n","protected":false},"author":1,"featured_media":0,"parent":0,"menu_order":0,"comment_status":"closed","ping_status":"closed","template":"","meta":{"footnotes":""},"class_list":["post-81","page","type-page","status-publish","hentry"],"_links":{"self":[{"href":"https:\/\/anniundphil.de\/heiraten\/wp-json\/wp\/v2\/pages\/81","targetHints":{"allow":["GET"]}}],"collection":[{"href":"https:\/\/anniundphil.de\/heiraten\/wp-json\/wp\/v2\/pages"}],"about":[{"href":"https:\/\/anniundphil.de\/heiraten\/wp-json\/wp\/v2\/types\/page"}],"author":[{"embeddable":true,"href":"https:\/\/anniundphil.de\/heiraten\/wp-json\/wp\/v2\/users\/1"}],"replies":[{"embeddable":true,"href":"https:\/\/anniundphil.de\/heiraten\/wp-json\/wp\/v2\/comments?post=81"}],"version-history":[{"count":73,"href":"https:\/\/anniundphil.de\/heiraten\/wp-json\/wp\/v2\/pages\/81\/revisions"}],"predecessor-version":[{"id":601,"href":"https:\/\/anniundphil.de\/heiraten\/wp-json\/wp\/v2\/pages\/81\/revisions\/601"}],"wp:attachment":[{"href":"https:\/\/anniundphil.de\/heiraten\/wp-json\/wp\/v2\/media?parent=81"}],"curies":[{"name":"wp","href":"https:\/\/api.w.org\/{rel}","templated":true}]}}